{"id":488,"date":"2023-02-23T13:44:07","date_gmt":"2023-02-23T13:44:07","guid":{"rendered":"https:\/\/www.sitinskybeh.sk\/?page_id=488"},"modified":"2026-01-17T10:28:53","modified_gmt":"2026-01-17T10:28:53","slug":"partneri-podujatia","status":"publish","type":"page","link":"https:\/\/www.sitinskybeh.sk\/index.php\/partneri-podujatia\/","title":{"rendered":"Sta\u0148 sa kr\u00e1\u013eom a kr\u00e1\u013eovnou Sitinsk\u00e9ho lesa"},"content":{"rendered":"\n<p>Pre t\u00fdch, ktor\u00ed chc\u00fa <strong>28. Marca 2026<\/strong> zabojova\u0165 o putovn\u00fa korunu Kr\u00e1\u013ea a Kr\u00e1\u013eovnej Sitinsk\u00e9ho lesa je pripraven\u00e1 n\u00e1ro\u010dn\u00e1 lesn\u00e1 trasa. \u0160tyri prudk\u00e9 st\u00fapania, technick\u00e9 zbehy \u010di tempov\u00e1 sekcia v z\u00e1vere\u010dnej \u010dasti behu. Zasko\u010di\u0165 v\u00e1s m\u00f4\u017eu \u017e\u013eabovit\u00e9 \u00faseky \u010di \u00favodn\u00fd kr\u00e1tky v\u00fdstup v kamenistom ter\u00e9ne. Korunu si predsa mus\u00edte zasl\u00fa\u017ei\u0165! V \u010d\u00edslach sa teda jedn\u00e1 o trasu s d\u013a\u017ekou 5km a prev\u00fd\u0161en\u00edm viac ne\u017e 220 v\u00fd\u0161kov\u00fdch metrov.<\/p>\n\n\n\n<p>Cel\u00e1 trasa sa be\u017e\u00ed na lesnom podklade, tj. nespevnen\u00fd povrch.<\/p>\n\n\n\n<h2 class=\"wp-block-heading\">Form\u00e1t behu<\/h2>\n\n\n\n<p>Be\u017eci a be\u017ekyne bud\u00fa \u0161tartova\u0165 vo dvojiciach, v\u017edy v 10 sekundov\u00fdch intervaloch. Pri behu so psom sa \u0161tartuje individu\u00e1lne, v\u017edy v 30 sekundov\u00fdch intervaloch. Maxim\u00e1lny po\u010det \u00fa\u010dastn\u00edkov je 150 + 50 be\u017ecov a be\u017ek\u00fd\u0148 so psom v kateg\u00f3rii canicross.<\/p>\n\n\n\n<p>Poradie be\u017ecov na \u0161tarte bude stanoven\u00e9 na z\u00e1klade V\u00e1\u0161ho najlep\u0161ieho dosiahnut\u00e9ho be\u017eeck\u00e9ho \u010dasu na 5km. <\/p>\n\n\n\n<p><strong><a href=\"https:\/\/www.dogtrekking.sk\/canicross\/\" target=\"_blank\" rel=\"noreferrer noopener\">Pri behu so psom (canicross)<\/a><\/strong> mus\u00ed pretek\u00e1r pou\u017e\u00edva\u0165 v\u00f4dzku o d\u013a\u017eke max. 2,0 m v natiahnutom stave (m\u00f4\u017ee by\u0165 n\u00e1matkovo kontrolovan\u00e9) a pes mus\u00ed by\u0165 na postroji &#8211; nie na obojku. Po\u010das cel\u00e9ho priebehu mus\u00ed by\u0165 pes pripnut\u00fd na v\u00f4dzku. Toto poru\u0161enie sa bude tresta\u0165 diskvalifik\u00e1ciou. Minim\u00e1lny vek psa pre \u00fa\u010das\u0165 na preteku je 12 mesiacov.<br>Pes mus\u00ed ma\u0165 preuk\u00e1zate\u013en\u00e9 o\u010dkovania &#8211; o\u010dkovac\u00ed preukaz alebo Pet Pas s platnou vakcin\u00e1ciou proti besnote, psinke, infek\u010dnej hepatit\u00edde a leptospir\u00f3ze (bude kontrolovan\u00e9 pri preberan\u00ed \u0161tartov\u00e9ho bal\u00ed\u010dka). Netolerujeme hrub\u00e9 zaobch\u00e1dzanie so psami pod hrozbou diskvalifik\u00e1cie. Za zdravotn\u00fd stav psa zodpoved\u00e1 jeho psovod. Pri prihlasovan\u00ed na discipl\u00ednu beh so psom pros\u00edm v prihl\u00e1\u0161ke uved\u0165e aj meno psa s ktor\u00fdm budete preteka\u0165.<\/p>\n\n\n\n<h2 class=\"wp-block-heading\">Kateg\u00f3rie<\/h2>\n\n\n\n<p><strong>Mu\u017ei<\/strong> &#8211; do 39 rokov, od 40 do 49 rokov, od 50 do 59 rokov, 60 rokov a viac<br><strong>\u017deny<\/strong> &#8211; do 39 rokov, od 40 do 49 rokov, od 50 do 59 rokov, 60 rokov a viac<br><strong>Beh so psom (canicross)<\/strong> &#8211; mu\u017ei so psom, \u017eeny so psom<\/p>\n\n\n\n<h2 class=\"wp-block-heading\">Registr\u00e1cia a \u0161tartovn\u00e9<\/h2>\n\n\n\n<p><strong>Registr\u00e1cia na 4. ro\u010dn\u00edk <\/strong>podujatia Koruna Sitinsk\u00e9ho lesa bude otvoren\u00e1 <strong>od 16.01.2026<\/strong>. Prihlasovanie bude ukon\u010den\u00e9 <strong>26.03.2026<\/strong> alebo v momente naplnenia \u00fa\u010dastn\u00edckeho limitu. Po tomto d\u00e1tume, ak nebude naplnen\u00fd&nbsp; \u00fa\u010dastn\u00edcky limit sa bude da\u0165 prihl\u00e1si\u0165 aj na mieste v de\u0148 pretekov.<\/p>\n\n\n\n<p class=\"has-black-color has-text-color has-background has-medium-font-size\" style=\"background-color:#018037\">                                                            <strong><a href=\"https:\/\/www.vysledkovyservis.sk\/koruna-sitinskeho-lesa-prihlaska\" target=\"_blank\" rel=\"noreferrer noopener\">REGISTR\u00c1CIA<\/a><\/strong><\/p>\n\n\n\n<p><strong>\u0160tartovn\u00e9 <\/strong><\/p>\n\n\n\n<ul class=\"wp-block-list\">\n<li><strong>15 EUR<\/strong> (od 16.1. do 28.2.2026)<\/li>\n\n\n\n<li><strong>20 EUR<\/strong> (od 1.3. do 26.3.2026)<\/li>\n<\/ul>\n\n\n\n<p>V tejto cene bude ma\u0165 ka\u017ed\u00fd pretek\u00e1r a pretek\u00e1rka zahrnut\u00e9 \u0161tartov\u00e9 \u010d\u00edslo s \u010dipom na meranie \u010dasu, profesion\u00e1lnu \u010dasomieru, ekologick\u00fd \u0161tartov\u00fd bal\u00ed\u010dek, ob\u010derstvenie v priestoroch Slobody Zvierat. <strong>Cel\u00fd v\u00fd\u0165a\u017eok z vyzbieran\u00e9ho \u0161tartovn\u00e9ho bude pou\u017eit\u00fd na podporu \u00fatulku <a href=\"https:\/\/slobodazvierat.sk\/\" target=\"_blank\" rel=\"noreferrer noopener\">Sloboda Zvierat<\/a> \u010di in\u00fdch zvierat, ktor\u00e9 s\u00fa v n\u00fadzi.<\/strong> \u00da\u010del, na ktor\u00fd bud\u00fa prostriedky pou\u017eit\u00e9 bude komunikovan\u00fd na na\u0161ich soci\u00e1lnych sie\u0165ach, pri\u010dom celkov\u00fa v\u00fd\u0161ku finan\u010dnej \u010di materi\u00e1lnej pomoci budeme v\u017edy komunikova\u0165 s maxim\u00e1lnou transparentnos\u0165ou. Pri prihlasovan\u00ed na discipl\u00ednu beh so psom pros\u00edm v prihl\u00e1\u0161ke uved\u0165e aj meno psa s ktor\u00fdm budete be\u017ea\u0165.<\/p>\n\n\n\n<p>Vyhodnoten\u00ed a vecne ocenen\u00ed bud\u00fa v\u00ed\u0165azi v\u0161etk\u00fdch kateg\u00f3ri\u00ed. Celkov\u00ed v\u00ed\u0165azi v kateg\u00f3rii Mu\u017ei a \u017deny z\u00edskaj\u00fa ocenenie Kr\u00e1\u013e, resp. Kr\u00e1\u013eovn\u00e1 Sitinsk\u00e9ho lesa a na jeden rok sa stan\u00fa virtu\u00e1lnymi dr\u017eite\u013emi putovnej Koruny Sitinsk\u00e9ho lesa. <\/p>\n\n\n\n<h2 class=\"wp-block-heading\">Mapa a profil trate<\/h2>\n\n\n\n<figure class=\"wp-block-image size-full is-resized\"><img loading=\"lazy\" decoding=\"async\" width=\"795\" height=\"795\" src=\"https:\/\/www.sitinskybeh.sk\/wp-content\/uploads\/2023\/01\/Trasa_startciel.png\" alt=\"\" class=\"wp-image-435\" style=\"width:641px;height:641px\" srcset=\"https:\/\/www.sitinskybeh.sk\/wp-content\/uploads\/2023\/01\/Trasa_startciel.png 795w, https:\/\/www.sitinskybeh.sk\/wp-content\/uploads\/2023\/01\/Trasa_startciel-300x300.png 300w, https:\/\/www.sitinskybeh.sk\/wp-content\/uploads\/2023\/01\/Trasa_startciel-150x150.png 150w, https:\/\/www.sitinskybeh.sk\/wp-content\/uploads\/2023\/01\/Trasa_startciel-768x768.png 768w, https:\/\/www.sitinskybeh.sk\/wp-content\/uploads\/2023\/01\/Trasa_startciel-100x100.png 100w\" sizes=\"auto, (max-width: 767px) 89vw, (max-width: 1000px) 54vw, (max-width: 1071px) 543px, 580px\" \/><\/figure>\n\n\n\n<h2 class=\"wp-block-heading\"><strong>Meranie \u010dasu a v\u00fdsledky<\/strong><\/h2>\n\n\n\n<p>Elektronick\u00fa \u010dasomieru zabezpe\u010duje firma <a href=\"https:\/\/www.vysledkovyservis.sk\/koruna-sitinskeho-lesa\/koruna-sitinskeho-lesa\" target=\"_blank\" rel=\"noreferrer noopener\">SunBell s.r.o. \u2013 VysledkovyServis.sk<\/a>. V\u00fdsledky bud\u00fa priebe\u017ene zverej\u0148ovan\u00e9 na str\u00e1nke VysledkovyServis.sk.<\/p>\n\n\n\n<h2 class=\"wp-block-heading\"><strong>\u0160tartov\u00e9 \u010d\u00edslo<\/strong><\/h2>\n\n\n\n<p>Ka\u017ed\u00fd pretek\u00e1r je povinn\u00fd ma\u0165 pripevnen\u00e9 \u0161tartovn\u00e9 \u010d\u00edslo na hrudi, tak aby bolo vidite\u013en\u00e9 a nesmie by\u0165 prekryt\u00e9. Bez \u0161tartov\u00e9ho \u010d\u00edsla na hrudi sa m\u00f4\u017ee sta\u0165, \u017ee V\u00e1\u0161 \u010das nebude zaznamenan\u00fd. \u0160tartov\u00e9 \u010d\u00edslo je majetkom usporiadate\u013ea. \u0160tartov\u00e9 \u010d\u00edsla s\u00fa bez s\u00fahlasu usporiadate\u013ea neprenosn\u00e9 na in\u00fa osobu. Pretek\u00e1r, ktor\u00fd bude \u0161tartova\u0165 so \u0161tartov\u00fdm \u010d\u00edslom pridelen\u00fdm v \u0161tartovej listine in\u00e9mu pretek\u00e1rovi bude diskvalifikovan\u00fd.<\/p>\n\n\n\n<h2 class=\"wp-block-heading\"><strong>Presun \u0161tartovn\u00e9ho na in\u00fa osobu a&nbsp;zmeny v prihl\u00e1\u0161ke<\/strong><\/h2>\n\n\n\n<p>Zaplaten\u00e9 \u0161tartovn\u00e9 sa nevracia.<br>Pokia\u013e si vytvor\u00edte na str\u00e1nke vysledkovyservis.sk \u00fa\u010det, m\u00f4\u017eete svoje \u0161tartovn\u00e9 presun\u00fa\u0165 na in\u00fa osobu, alebo robi\u0165 \u010fal\u0161ie zmeny vo svojej prihl\u00e1\u0161ke zadarmo.<br>Pokia\u013e si \u00fa\u010det vytv\u00e1ra\u0165 nechcete, \u0161tartovn\u00e9 \u010d\u00edslo je mo\u017en\u00e9 presun\u00fa\u0165 na in\u00fa osobu za manipula\u010dn\u00fd poplatok 4\u20ac. V pr\u00edpade, ak chcete prep\u00edsa\u0165 va\u0161e \u0161tartov\u00e9 \u010d\u00edslo na in\u00e9ho \u00fa\u010dastn\u00edka, m\u00f4\u017eete tak urobi\u0165 na str\u00e1nke vysledkovyservis.sk. V&nbsp;hlavnom menu vyberte polo\u017eku <a href=\"https:\/\/www.vysledkovyservis.sk\/zmena-prihlasky\" target=\"_blank\" rel=\"noopener\">\u201eZmena prihl\u00e1\u0161ky\u201c<\/a> a&nbsp;uve\u010fte v\u0161etky \u00fadaje o novom \u00fa\u010dastn\u00edkovi. Zmenu v\u0161ak mus\u00ed urobi\u0165 osoba, ktor\u00e1 bola p\u00f4vodne prihl\u00e1sen\u00e1. \u0160tartov\u00fd bal\u00edk u\u017e preber\u00e1 nov\u00fd \u00fa\u010dastn\u00edk. Po prevzat\u00ed \u0161tartov\u00e9ho bal\u00edka u\u017e nie je presun \u0161tartovn\u00e9ho \u010d\u00edsla mo\u017en\u00fd. V pr\u00edpade potreby, kontaktujte oh\u013eadne online prihlasovania VysledkovyServis.sk na adrese: <a href=\"mailto:prihlaska@vysledkovyservis.sk\" target=\"_blank\" rel=\"noreferrer noopener\">prihlaska@vysledkovyservis.sk<\/a><\/p>\n\n\n\n<h2 class=\"wp-block-heading\"><strong>Vy\u0161\u0161ia moc<\/strong><\/h2>\n\n\n\n<p>Organiz\u00e1tor si vyhradzuje v z\u00e1vislosti od okolnost\u00ed pr\u00e1vo upravi\u0165 a bli\u017e\u0161ie \u0161pecifikova\u0165 niektor\u00e9 \u00fadaje uveden\u00e9 v t\u00fdchto propoz\u00edci\u00e1ch, resp. organiza\u010dn\u00fdch pokynoch. Organiz\u00e1tor si rovnako vyhradzuje pr\u00e1vo zru\u0161i\u0165 alebo preru\u0161i\u0165 konanie podujatia alebo niektorej z discipl\u00edn podujatia v pr\u00edpade v\u00e1\u017eneho nebezpe\u010denstva, a to najm\u00e4 vojny, nepriazniv\u00e9ho po\u010dasia, nebezpe\u010denstva teroru alebo in\u00e9ho \u00fatoku ohrozuj\u00faceho bezpe\u010dnos\u0165 \u00fa\u010dastn\u00edkov podujatia, resp. z in\u00fdch vopred nepredv\u00eddate\u013en\u00fdch vis maior udalost\u00ed a okolnost\u00ed.<\/p>\n\n\n\n<p>V takomto pr\u00edpade nem\u00e1 <a>\u00fa\u010dastn\u00edk<\/a> n\u00e1rok na vr\u00e1tenie \u0161tartovn\u00e9ho poplatku, resp. jeho \u010dasti nako\u013eko, organiz\u00e1torovi u\u017e vznikli n\u00e1klady na pr\u00edpravu podujatia v \u010dase pred samotn\u00fdm momentom preru\u0161enia\/zru\u0161enia podujatia. Organiz\u00e1tor v\u0161ak m\u00f4\u017ee po zv\u00e1\u017een\u00ed v\u0161etk\u00fdch okolnost\u00ed a vy\u010d\u00edslen\u00ed n\u00e1kladov spojen\u00fdch s pr\u00edpravou podujatia kompenzova\u0165 \u00fa\u010dastn\u00edkovi \u010das\u0165 \u0161tartovn\u00e9ho.<\/p>\n\n\n\n<p>Opatrenia COVID-19: Opatrenia COVID-19: V pr\u00edpade, \u017ee aktu\u00e1lna situ\u00e1cia spojen\u00e1 so \u0161\u00edren\u00edm ochorenia COVID-19 si bude vy\u017eadova\u0165 zavedenie opatren\u00ed v s\u00falade s aktu\u00e1lnymi nariadeniami Hlavn\u00e9ho hygienika SR a \u00daradu verejn\u00e9ho zdravotn\u00edctva SR, \u00fa\u010das\u0165 pretek\u00e1rov na podujat\u00ed m\u00f4\u017ee by\u0165 upraven\u00e1 na z\u00e1klade rozhodnutia organiz\u00e1tora, resp. na stanoven\u00fdch epidemiologick\u00fdch a hygienick\u00fdch pravidl\u00e1ch pre organizovanie hromadn\u00fdc<\/p>\n\n\n\n<h2 class=\"wp-block-heading\"><strong>Tra\u0165ov\u00e9 rekordy<\/strong><\/h2>\n\n\n\n<p>Kateg\u00f3ria Mu\u017ei: <br>Radovan Tome\u010dek (2024) &#8211; 19:26<\/p>\n\n\n\n<p>Kateg\u00f3ria \u017deny:<br>Zuzana Bibzov\u00e1 (2024) &#8211; 23:26<\/p>\n\n\n\n<p>Kateg\u00f3ria Canicross Mu\u017ei:<br>\u0160imon Tran\u010d\u00edk (2023) &#8211; 24:43<\/p>\n\n\n\n<p>Kateg\u00f3ria Canicross \u017deny:<br>Dalia Kucavikov\u00e1 (2024) &#8211; 24:54<\/p>\n\n\n\n<p><\/p>\n\n\n\n<p><\/p>\n","protected":false},"excerpt":{"rendered":"<p>Pre t\u00fdch, ktor\u00ed chc\u00fa 28. Marca 2026 zabojova\u0165 o putovn\u00fa korunu Kr\u00e1\u013ea a Kr\u00e1\u013eovnej Sitinsk\u00e9ho lesa je pripraven\u00e1 n\u00e1ro\u010dn\u00e1 lesn\u00e1 trasa. \u0160tyri prudk\u00e9 st\u00fapania, technick\u00e9 zbehy \u010di tempov\u00e1 sekcia v z\u00e1vere\u010dnej \u010dasti behu. Zasko\u010di\u0165 v\u00e1s m\u00f4\u017eu \u017e\u013eabovit\u00e9 \u00faseky \u010di \u00favodn\u00fd kr\u00e1tky v\u00fdstup v kamenistom ter\u00e9ne. Korunu si predsa mus\u00edte zasl\u00fa\u017ei\u0165! V \u010d\u00edslach sa teda jedn\u00e1 &hellip; <\/p>\n<p class=\"link-more\"><a href=\"https:\/\/www.sitinskybeh.sk\/index.php\/partneri-podujatia\/\" class=\"more-link\">Pokra\u010dova\u0165 v \u010d\u00edtan\u00ed<span class=\"screen-reader-text\"> &#8222;Sta\u0148 sa kr\u00e1\u013eom a kr\u00e1\u013eovnou Sitinsk\u00e9ho lesa&#8220;<\/span><\/a><\/p>\n","protected":false},"author":1,"featured_media":0,"parent":0,"menu_order":0,"comment_status":"closed","ping_status":"closed","template":"","meta":{"footnotes":""},"class_list":["post-488","page","type-page","status-publish","hentry"],"_links":{"self":[{"href":"https:\/\/www.sitinskybeh.sk\/index.php\/wp-json\/wp\/v2\/pages\/488","targetHints":{"allow":["GET"]}}],"collection":[{"href":"https:\/\/www.sitinskybeh.sk\/index.php\/wp-json\/wp\/v2\/pages"}],"about":[{"href":"https:\/\/www.sitinskybeh.sk\/index.php\/wp-json\/wp\/v2\/types\/page"}],"author":[{"embeddable":true,"href":"https:\/\/www.sitinskybeh.sk\/index.php\/wp-json\/wp\/v2\/users\/1"}],"replies":[{"embeddable":true,"href":"https:\/\/www.sitinskybeh.sk\/index.php\/wp-json\/wp\/v2\/comments?post=488"}],"version-history":[{"count":26,"href":"https:\/\/www.sitinskybeh.sk\/index.php\/wp-json\/wp\/v2\/pages\/488\/revisions"}],"predecessor-version":[{"id":658,"href":"https:\/\/www.sitinskybeh.sk\/index.php\/wp-json\/wp\/v2\/pages\/488\/revisions\/658"}],"wp:attachment":[{"href":"https:\/\/www.sitinskybeh.sk\/index.php\/wp-json\/wp\/v2\/media?parent=488"}],"curies":[{"name":"wp","href":"https:\/\/api.w.org\/{rel}","templated":true}]}}