{"id":382,"date":"2022-12-13T11:04:40","date_gmt":"2022-12-13T11:04:40","guid":{"rendered":"https:\/\/www.sitinskybeh.sk\/?page_id=382"},"modified":"2026-01-11T16:35:06","modified_gmt":"2026-01-11T16:35:06","slug":"logo","status":"publish","type":"page","link":"https:\/\/www.sitinskybeh.sk\/index.php\/logo\/","title":{"rendered":"Predbe\u017en\u00fd \u010dasov\u00fd harmonogram"},"content":{"rendered":"\n<h2 class=\"wp-block-heading\"><\/h2>\n\n\n\n<h2 class=\"wp-block-heading\">V de\u0148 pretekov (28.03.)<\/h2>\n\n\n\n<p>07:30 &#8211; 08:45 &#8211; prezent\u00e1cia a prebratie \u0161tartov\u00e9ho bal\u00ed\u010dka canicross (klasick\u00fd beh a\u017e do 10:30)<\/p>\n\n\n\n<p>09:00 &#8211; \u0161tart pretekov v discipl\u00edne beh so psom (canicross)<\/p>\n\n\n\n<p>10:30 &#8211; vyhl\u00e1senie v\u00fdsledkov v discipl\u00edne beh so psom (canicross) <\/p>\n\n\n\n<p>11:00 &#8211; \u0161tart pretekov v discipl\u00edne beh &#8211; mu\u017ei\/\u017eeny <\/p>\n\n\n\n<p>11:20 &#8211; predpokladan\u00fd pr\u00edchod najr\u00fdchlej\u0161ieho be\u017eca do cie\u013ea<\/p>\n\n\n\n<p>12:20 &#8211; vyhl\u00e1senie v\u00fdsledkov v discipl\u00edne beh &#8211; mu\u017ei\/\u017eeny (Kr\u00e1\u013e a Kr\u00e1\u013eovn\u00e1 Sitinsk\u00e9ho lesa)  <\/p>\n\n\n\n<h2 class=\"wp-block-heading\">\u0160tart\/cie\u013e<\/h2>\n\n\n\n<p>\u0160tart aj cie\u013e bude priamo pri are\u00e1li <a href=\"https:\/\/goo.gl\/maps\/hzE1St2QT5soibuWA\" target=\"_blank\" rel=\"noreferrer noopener\">Slobody Zvierat<\/a> (Pod brehmi 1A, 841 01 Karlova Ves)<\/p>\n","protected":false},"excerpt":{"rendered":"<p>V de\u0148 pretekov (28.03.) 07:30 &#8211; 08:45 &#8211; prezent\u00e1cia a prebratie \u0161tartov\u00e9ho bal\u00ed\u010dka canicross (klasick\u00fd beh a\u017e do 10:30) 09:00 &#8211; \u0161tart pretekov v discipl\u00edne beh so psom (canicross) 10:30 &#8211; vyhl\u00e1senie v\u00fdsledkov v discipl\u00edne beh so psom (canicross) 11:00 &#8211; \u0161tart pretekov v discipl\u00edne beh &#8211; mu\u017ei\/\u017eeny 11:20 &#8211; predpokladan\u00fd pr\u00edchod najr\u00fdchlej\u0161ieho be\u017eca do &hellip; <\/p>\n<p class=\"link-more\"><a href=\"https:\/\/www.sitinskybeh.sk\/index.php\/logo\/\" class=\"more-link\">Pokra\u010dova\u0165 v \u010d\u00edtan\u00ed<span class=\"screen-reader-text\"> &#8222;Predbe\u017en\u00fd \u010dasov\u00fd harmonogram&#8220;<\/span><\/a><\/p>\n","protected":false},"author":1,"featured_media":391,"parent":0,"menu_order":0,"comment_status":"closed","ping_status":"closed","template":"","meta":{"footnotes":""},"class_list":["post-382","page","type-page","status-publish","has-post-thumbnail","hentry"],"_links":{"self":[{"href":"https:\/\/www.sitinskybeh.sk\/index.php\/wp-json\/wp\/v2\/pages\/382","targetHints":{"allow":["GET"]}}],"collection":[{"href":"https:\/\/www.sitinskybeh.sk\/index.php\/wp-json\/wp\/v2\/pages"}],"about":[{"href":"https:\/\/www.sitinskybeh.sk\/index.php\/wp-json\/wp\/v2\/types\/page"}],"author":[{"embeddable":true,"href":"https:\/\/www.sitinskybeh.sk\/index.php\/wp-json\/wp\/v2\/users\/1"}],"replies":[{"embeddable":true,"href":"https:\/\/www.sitinskybeh.sk\/index.php\/wp-json\/wp\/v2\/comments?post=382"}],"version-history":[{"count":14,"href":"https:\/\/www.sitinskybeh.sk\/index.php\/wp-json\/wp\/v2\/pages\/382\/revisions"}],"predecessor-version":[{"id":649,"href":"https:\/\/www.sitinskybeh.sk\/index.php\/wp-json\/wp\/v2\/pages\/382\/revisions\/649"}],"wp:featuredmedia":[{"embeddable":true,"href":"https:\/\/www.sitinskybeh.sk\/index.php\/wp-json\/wp\/v2\/media\/391"}],"wp:attachment":[{"href":"https:\/\/www.sitinskybeh.sk\/index.php\/wp-json\/wp\/v2\/media?parent=382"}],"curies":[{"name":"wp","href":"https:\/\/api.w.org\/{rel}","templated":true}]}}