{"id":139,"date":"2020-02-17T09:21:08","date_gmt":"2020-02-17T09:21:08","guid":{"rendered":"https:\/\/demosites.io\/fitness-gb\/?page_id=139"},"modified":"2023-10-11T14:37:19","modified_gmt":"2023-10-11T14:37:19","slug":"a5213-the-gym","status":"publish","type":"page","link":"https:\/\/www.sitinskybeh.sk\/index.php\/a5213-the-gym\/","title":{"rendered":"Behom na pomoc!"},"content":{"rendered":"\n<p><strong>OZ Priatelia Sitinsk\u00e9ho lesa<\/strong> vzniklo prim\u00e1rne s cie\u013eom podpori\u0165 \u0161portov\u00e9 aktivity v lese ako aj pom\u00f4c\u0165 tomuto ekosyst\u00e9mu udr\u017ea\u0165 si \u010do najlep\u0161\u00ed stav. <\/p>\n\n\n\n<p>Les sitina je domovom pre mnoh\u00e9 divo \u017eij\u00face zvierat\u00e1, denne ho nav\u0161tevuj\u00fa desiatky \u013eud\u00ed \u017eij\u00facich v jeho bl\u00edzkosti a je teda v z\u00e1ujme n\u00e1s v\u0161etk\u00fdch aby prosperoval. Les sitina v\u0161ak nie je iba les. V jeho okol\u00ed sa nach\u00e1dza aj zvierac\u00ed \u00fatulok <strong><a href=\"https:\/\/slobodazvierat.sk\/\" target=\"_blank\" rel=\"noreferrer noopener\">Sloboda zvierat<\/a><\/strong>. Pr\u00e1ve ten bude spolo\u010dne s lesom ako tak\u00fdm v\u017edy cie\u013eom na\u0161ej pomoci. <\/p>\n\n\n\n<p>Cel\u00e9 n\u00e1klady na organiz\u00e1ciu podujatia sa sna\u017e\u00edme pokry\u0165  pomocou sponzorov ako aj formou grantov\u00fdch mo\u017enost\u00ed. Na\u0161ou \u0161ikovnos\u0165ou sa sna\u017e\u00edme zabezpe\u010di\u0165 aby kompletne cel\u00fd v\u00fdnos zo \u0161tartovn\u00e9ho i\u0161iel na dobr\u00fa vec.<\/p>\n\n\n\n<p>Sloboda zvierat denne zachra\u0148uje zvierat\u00e1 v uliciach, kan\u00e1loch, vyhoden\u00e9, straten\u00e9, t\u00fdran\u00e9. V \u00fatulku im poskytuj\u00fa strechu nad hlavou, potrebn\u00fa lie\u010dbu a stravu. D\u00e1vaj\u00fa im l\u00e1sku, starostlivos\u0165 , pri\u010dom hlavn\u00fdm cie\u013eom je n\u00e1js\u0165 im p\u00f4vodn\u00fd, alebo nov\u00fd domov.<\/p>\n\n\n\n<p>\u00datulok za dverami kancel\u00e1ri\u00ed realizuje aj d\u00f4le\u017eit\u00fa odborn\u00fa \u010dinnos\u0165. Oslovuje kompetentn\u00fdch, rie\u0161i pr\u00e1vne kauzy, dokumentuje t\u00fdrania. Spolupracuj\u00fa tie\u017e s odborn\u00edkmi, vedcami a so zahrani\u010dn\u00fdmi organiz\u00e1ciami. Akt\u00edvne lobuj\u00fa, komunikuj\u00fa so samospr\u00e1vami a \u0161t\u00e1tnou spr\u00e1vou. Ich cie\u013eom nie je iba zvierat\u00e1m pom\u00e1ha\u0165, ale aj t\u00fdraniu predch\u00e1dza\u0165. Preto organizuj\u00fa mno\u017estvo kampan\u00ed, ktor\u00fdch cie\u013eom je upozorni\u0165 verejnos\u0165 na utrpenie zvierat. Rovnako sa sna\u017eia vpl\u00fdva\u0165 na kompetentn\u00fdch. Pravidelne pripravuj\u00fa akcie, pochody, demon\u0161tr\u00e1cie \u010di informa\u010dn\u00e9 st\u00e1nky. Spolupracuj\u00fa s masm\u00e9diami, vyd\u00e1vaj\u00fa tla\u010dov\u00e9 materi\u00e1ly a komunikuj\u00fa s verejnos\u0165ou. Venuj\u00fa sa vzdel\u00e1vaniu deti a ml\u00e1de\u017ee. \u00datulok tie\u017e organizujeme predn\u00e1\u0161ky, exkurzie a projekty zameran\u00e9 na ochranu zvierat a pr\u00edrody.<\/p>\n\n\n\n<p>Pr\u00e1ve tu vid\u00edme prepojenie a&nbsp;priestor, kde chceme pom\u00f4c\u0165. V\u0161etky tieto aktivity si vy\u017eaduj\u00fa \u010das a&nbsp;finan\u010dn\u00e9 prostriedky. So Slobodou Zvierat sa v\u017edy dopredu dohodneme na zmysluplnom vyu\u017eit\u00ed vyzbieran\u00fdch finan\u010dn\u00fdch prostriedkov, ktor\u00e9 zabezpe\u010d\u00ed naplnenie na\u0161ej spolo\u010dnej v\u00edzie t\u00fdkaj\u00facej sa ochrany zvierat a&nbsp;pr\u00edrodn\u00e9ho bohatstva.<\/p>\n\n\n\n<p>\u010cas\u0165 vyzbieranej sumy sa bude v\u017edy investova\u0165 priamo do lesa Sitina. \u010cistenie, osadenie nov\u00fdch odpadkov\u00fdch ko\u0161ov, o\u017eivenie niektor\u00fdch zabudnut\u00fdch miest lesa \u010di nov\u00e9 k\u0155midl\u00e1. T\u00fato \u010dinnos\u0165 budeme v\u017edy konzultova\u0165 s odborn\u00edkmi tak, aby to lesu prospelo \u010do najviac. <\/p>\n\n\n\n<p>Ver\u00edm, \u017ee v\u0161etci m\u00e1me dobr\u00e9 \u00famysly a v\u0161etci ve\u013emi radi pom\u00f4\u017eeme. Niekto v\u0161ak nem\u00e1 \u010das kv\u00f4li pr\u00e1ci, in\u00fd zas kv\u00f4li rodine \u010di jednoducho na to nie s\u00fa prostriedky. Teraz v\u0161ak m\u00f4\u017eete pom\u00f4c\u0165 sebe, zvierat\u00e1m aj lesu t\u00fdm, \u017ee si pr\u00eddete spolu s nami zabeha\u0165 a str\u00e1vi\u0165 pr\u00edjemn\u00e9 v\u00edkendov\u00e9 doobedie v  lese Sitina. <\/p>\n","protected":false},"excerpt":{"rendered":"<p>OZ Priatelia Sitinsk\u00e9ho lesa vzniklo prim\u00e1rne s cie\u013eom podpori\u0165 \u0161portov\u00e9 aktivity v lese ako aj pom\u00f4c\u0165 tomuto ekosyst\u00e9mu udr\u017ea\u0165 si \u010do najlep\u0161\u00ed stav. Les sitina je domovom pre mnoh\u00e9 divo \u017eij\u00face zvierat\u00e1, denne ho nav\u0161tevuj\u00fa desiatky \u013eud\u00ed \u017eij\u00facich v jeho bl\u00edzkosti a je teda v z\u00e1ujme n\u00e1s v\u0161etk\u00fdch aby prosperoval. Les sitina v\u0161ak nie je &hellip; <\/p>\n<p class=\"link-more\"><a href=\"https:\/\/www.sitinskybeh.sk\/index.php\/a5213-the-gym\/\" class=\"more-link\">Pokra\u010dova\u0165 v \u010d\u00edtan\u00ed<span class=\"screen-reader-text\"> &#8222;Behom na pomoc!&#8220;<\/span><\/a><\/p>\n","protected":false},"author":1,"featured_media":374,"parent":0,"menu_order":0,"comment_status":"closed","ping_status":"closed","template":"","meta":{"footnotes":""},"class_list":["post-139","page","type-page","status-publish","has-post-thumbnail","hentry"],"_links":{"self":[{"href":"https:\/\/www.sitinskybeh.sk\/index.php\/wp-json\/wp\/v2\/pages\/139","targetHints":{"allow":["GET"]}}],"collection":[{"href":"https:\/\/www.sitinskybeh.sk\/index.php\/wp-json\/wp\/v2\/pages"}],"about":[{"href":"https:\/\/www.sitinskybeh.sk\/index.php\/wp-json\/wp\/v2\/types\/page"}],"author":[{"embeddable":true,"href":"https:\/\/www.sitinskybeh.sk\/index.php\/wp-json\/wp\/v2\/users\/1"}],"replies":[{"embeddable":true,"href":"https:\/\/www.sitinskybeh.sk\/index.php\/wp-json\/wp\/v2\/comments?post=139"}],"version-history":[{"count":7,"href":"https:\/\/www.sitinskybeh.sk\/index.php\/wp-json\/wp\/v2\/pages\/139\/revisions"}],"predecessor-version":[{"id":442,"href":"https:\/\/www.sitinskybeh.sk\/index.php\/wp-json\/wp\/v2\/pages\/139\/revisions\/442"}],"wp:featuredmedia":[{"embeddable":true,"href":"https:\/\/www.sitinskybeh.sk\/index.php\/wp-json\/wp\/v2\/media\/374"}],"wp:attachment":[{"href":"https:\/\/www.sitinskybeh.sk\/index.php\/wp-json\/wp\/v2\/media?parent=139"}],"curies":[{"name":"wp","href":"https:\/\/api.w.org\/{rel}","templated":true}]}}